{"id":61341,"date":"2019-11-25T13:33:27","date_gmt":"2019-11-25T12:33:27","guid":{"rendered":"https:\/\/cslogisticasrl.com\/?page_id=61341"},"modified":"2019-12-09T09:57:29","modified_gmt":"2019-12-09T08:57:29","slug":"privacy-policy","status":"publish","type":"page","link":"https:\/\/cslogisticasrl.com\/?page_id=61341","title":{"rendered":"Privacy Policy"},"content":{"rendered":"<div id='av_section_1'  class='avia-section main_color avia-section-no-padding avia-no-shadow  avia-bg-style-fixed  avia-builder-el-0  el_before_av_section  avia-builder-el-first   container_wrap fullsize' style='background-color: #5c6670;  '  ><div class='container' ><main  role=\"main\" itemprop=\"mainContentOfPage\"  class='template-page content  av-content-full alpha units'><div class='post-entry post-entry-type-page post-entry-61341'><div class='entry-content-wrapper clearfix'>\n<div class='flex_column_table av-equal-height-column-flextable -flextable' ><div class=\"flex_column av_one_full  flex_column_table_cell av-equal-height-column av-align-middle first  avia-builder-el-1  avia-builder-el-no-sibling  \" style='padding:10px; border-radius:0px; '><div  style='padding-bottom:1px; ' class='av-special-heading av-special-heading-h1  blockquote modern-quote modern-centered  avia-builder-el-2  avia-builder-el-no-sibling  '><h1 class='av-special-heading-tag '  itemprop=\"headline\"  >Privacy Policy<\/h1><div class='special-heading-border'><div class='special-heading-inner-border' ><\/div><\/div><\/div><\/div><\/div><!--close column table wrapper. Autoclose: 1 --><\/div><\/div><\/main><!-- close content main element --><\/div><\/div><div id='av_section_2'  class='avia-section main_color avia-section-default avia-no-shadow  avia-bg-style-scroll  avia-builder-el-3  el_after_av_section  el_before_av_section   container_wrap fullsize' style=' '  ><div class='container' ><div class='template-page content  av-content-full alpha units'><div class='post-entry post-entry-type-page post-entry-61341'><div class='entry-content-wrapper clearfix'>\n<div class='flex_column_table av-equal-height-column-flextable -flextable' ><div class=\"flex_column av_one_half  flex_column_table_cell av-equal-height-column av-align-top first  \" style='padding:10px; border-radius:0px; '><section class=\"av_textblock_section \"  itemscope=\"itemscope\" itemtype=\"https:\/\/schema.org\/CreativeWork\" ><div class='avia_textblock  '   itemprop=\"text\" ><p><a class=\"iubenda-black iubenda-embed\" title=\"Privacy Policy \" href=\"https:\/\/www.iubenda.com\/privacy-policy\/78078976\">Privacy Policy<\/a><script type=\"text\/javascript\">(function (w,d) {var loader = function () {var s = d.createElement(\"script\"), tag = d.getElementsByTagName(\"script\")[0]; s.src=\"https:\/\/cdn.iubenda.com\/iubenda.js\"; tag.parentNode.insertBefore(s,tag);}; if(w.addEventListener){w.addEventListener(\"load\", loader, false);}else if(w.attachEvent){w.attachEvent(\"onload\", loader);}else{w.onload = loader;}})(window, document);<\/script><\/p>\n<\/div><\/section><\/div><\/div><!--close column table wrapper. Autoclose: 1 --><div class='flex_column_table av-equal-height-column-flextable -flextable' ><div class='av-flex-placeholder'><\/div><div class=\"flex_column av_one_half  flex_column_table_cell av-equal-height-column av-align-top   \" style='padding:10px; border-radius:0px; '><p><section class=\"av_textblock_section \"  itemscope=\"itemscope\" itemtype=\"https:\/\/schema.org\/CreativeWork\" ><div class='avia_textblock  '   itemprop=\"text\" ><p><a href=\"https:\/\/www.iubenda.com\/termini-e-condizioni\/78078976\" class=\"iubenda-black iubenda-embed\" title=\"Termini e Condizioni \">Termini e Condizioni<\/a><script type=\"text\/javascript\">(function (w,d) {var loader = function () {var s = d.createElement(\"script\"), tag = d.getElementsByTagName(\"script\")[0]; s.src=\"https:\/\/cdn.iubenda.com\/iubenda.js\"; tag.parentNode.insertBefore(s,tag);}; if(w.addEventListener){w.addEventListener(\"load\", loader, false);}else if(w.attachEvent){w.attachEvent(\"onload\", loader);}else{w.onload = loader;}})(window, document);<\/script><\/p>\n<\/div><\/section><br \/>\n<\/p><\/div><\/div><!--close column table wrapper. Autoclose: 1 --><div  style=' margin-top:10px; margin-bottom:30px;'  class='hr hr-custom hr-center hr-icon-no  '><span class='hr-inner  inner-border-av-border-thin' style=' width:25%;' ><span class='hr-inner-style'><\/span><\/span><\/div>\n<\/div><\/div><\/div><!-- close content main div --><\/div><\/div><div id='av_section_3'  class='avia-section main_color avia-section-default avia-no-border-styling  avia-bg-style-scroll   container_wrap fullsize' style=' '  ><div class='container' ><div class='template-page content  av-content-full alpha units'><div class='post-entry post-entry-type-page post-entry-61341'><div class='entry-content-wrapper clearfix'>\n<br \/>\n<div  style='padding-bottom:10px; ' class='av-special-heading av-special-heading-h1  blockquote modern-quote modern-centered  '><h1 class='av-special-heading-tag '  itemprop=\"headline\"  >Prodotti <span style=\"color: #000000;\">aggiuntivi <\/span><\/h1><div class='special-heading-border'><div class='special-heading-inner-border' ><\/div><\/div><\/div>\n<div  style=' margin-top:10px; margin-bottom:30px;'  class='hr hr-custom hr-center hr-icon-no  '><span class='hr-inner  inner-border-av-border-thin' style=' width:25%;' ><span class='hr-inner-style'><\/span><\/span><\/div>\n<div class='flex_column_table av-equal-height-column-flextable -flextable' ><div class=\"flex_column av_one_fourth  flex_column_table_cell av-equal-height-column av-align-top av-zero-column-padding first  \" style='border-radius:2px; '><p><div  style='padding-bottom:10px; color:#85cf30;' class='av-special-heading av-special-heading-h3 custom-color-heading blockquote modern-quote  '><h3 class='av-special-heading-tag '  itemprop=\"headline\"  >01. <span style=\"color: #000000;\">International Priority\u00ae: Europa<\/span><\/h3><div class='special-heading-border'><div class='special-heading-inner-border' style='border-color:#85cf30'><\/div><\/div><\/div><br \/>\n<section class=\"av_textblock_section \"  itemscope=\"itemscope\" itemtype=\"https:\/\/schema.org\/CreativeWork\" ><div class='avia_textblock  av_inherit_color '  style='color:#000000; '  itemprop=\"text\" ><h3>Ideale per<\/h3>\n<p>Spedizioni urgenti per consentirvi un pi\u00f9 veloce accesso ai mercati mondiali. Un servizio che vi permette di guadagnare tempo effettuando il ritiro verso la fine della vostra giornata lavorativa per spedizioni con arrivo il giorno lavorativo successivo nei principali centri industriali mondiali.<\/p>\n<\/div><\/section><br \/>\n<div  class='avia-image-container  av-styling-    avia-align- '  itemprop=\"image\" itemscope=\"itemscope\" itemtype=\"https:\/\/schema.org\/ImageObject\"  ><div class='avia-image-container-inner'><div class='avia-image-overlay-wrap'><img decoding=\"async\" class='wp-image-0 avia-img-lazy-loading-not-0 avia_image' src=\"http:\/\/gpcourier.h501lab.com\/wp-content\/uploads\/2015\/03\/airplane-300x169.jpg\" alt='' title=''   itemprop=\"thumbnailUrl\"  \/><\/div><\/div><\/div><\/p><\/div><\/div><!--close column table wrapper. Autoclose: 1 --><div class='flex_column_table av-equal-height-column-flextable -flextable' ><div class='av-flex-placeholder'><\/div><div class=\"flex_column av_one_fourth  flex_column_table_cell av-equal-height-column av-align-top av-zero-column-padding   \" style='border-radius:0px; '><p><div  style='padding-bottom:10px; color:#85cf30;' class='av-special-heading av-special-heading-h3 custom-color-heading blockquote modern-quote  '><h3 class='av-special-heading-tag '  itemprop=\"headline\"  >02. <span style=\"color: #000000;\">Europe First\u00ae<\/span><\/h3><div class='special-heading-border'><div class='special-heading-inner-border' style='border-color:#85cf30'><\/div><\/div><\/div><br \/>\n<section class=\"av_textblock_section \"  itemscope=\"itemscope\" itemtype=\"https:\/\/schema.org\/CreativeWork\" ><div class='avia_textblock  av_inherit_color '  style='color:#000000; '  itemprop=\"text\" ><h3>Ideale per<\/h3>\n<p>Ottenere tutti i vantaggi del nostro servizio FedEx International Priority\u00ae, oltre a quello di sapere che le spedizioni dall&#8217;Europa verranno consegnate nelle prime ore del mattino il giorno lavorativo successivo.<\/p>\n<\/div><\/section><br \/>\n<div  class='avia-image-container  av-styling-    avia-align- '  itemprop=\"image\" itemscope=\"itemscope\" itemtype=\"https:\/\/schema.org\/ImageObject\"  ><div class='avia-image-container-inner'><div class='avia-image-overlay-wrap'><img decoding=\"async\" class='wp-image-0 avia-img-lazy-loading-not-0 avia_image' src=\"http:\/\/gpcourier.h501lab.com\/wp-content\/uploads\/2015\/03\/ominogrey-300x169.jpg\" alt='' title=''   itemprop=\"thumbnailUrl\"  \/><\/div><\/div><\/div><\/p><\/div><\/div><!--close column table wrapper. Autoclose: 1 --><div class='flex_column_table av-equal-height-column-flextable -flextable' ><div class='av-flex-placeholder'><\/div><div class=\"flex_column av_one_fourth  flex_column_table_cell av-equal-height-column av-align-top av-zero-column-padding   \" style='border-radius:0px; '><p><div  style='padding-bottom:10px; color:#85cf30;' class='av-special-heading av-special-heading-h3 custom-color-heading blockquote modern-quote  '><h3 class='av-special-heading-tag '  itemprop=\"headline\"  >03. <span style=\"color: #000000;\">International Economy\u00ae: Europa<\/span><\/h3><div class='special-heading-border'><div class='special-heading-inner-border' style='border-color:#85cf30'><\/div><\/div><\/div><br \/>\n<section class=\"av_textblock_section \"  itemscope=\"itemscope\" itemtype=\"https:\/\/schema.org\/CreativeWork\" ><div class='avia_textblock  av_inherit_color '  style='color:#000000; '  itemprop=\"text\" ><h3>Ideale per<\/h3>\n<p>Tutte le vostre spedizioni meno urgenti. FedEx International Economy \u00e8 un&#8217;alternativa al servizio espresso ed offre ai nostri clienti l&#8217;affidabilit\u00e0 e la tracciabilit\u00e0 in tempo reale delle spedizioni dal ritiro alla consegna.<\/p>\n<\/div><\/section><br \/>\n<div  class='avia-image-container  av-styling-    avia-align- '  itemprop=\"image\" itemscope=\"itemscope\" itemtype=\"https:\/\/schema.org\/ImageObject\"  ><div class='avia-image-container-inner'><div class='avia-image-overlay-wrap'><img decoding=\"async\" class='wp-image-0 avia-img-lazy-loading-not-0 avia_image' src=\"http:\/\/gpcourier.h501lab.com\/wp-content\/uploads\/2015\/03\/van-300x169.jpg\" alt='' title=''   itemprop=\"thumbnailUrl\"  \/><\/div><\/div><\/div><\/p><\/div><\/div><!--close column table wrapper. Autoclose: 1 --><div class='flex_column_table av-equal-height-column-flextable -flextable' ><div class='av-flex-placeholder'><\/div><div class=\"flex_column av_one_fourth  flex_column_table_cell av-equal-height-column av-align-top av-zero-column-padding   \" style='border-radius:0px; '><p><div  style='padding-bottom:10px; color:#85cf30;' class='av-special-heading av-special-heading-h3 custom-color-heading blockquote modern-quote  '><h3 class='av-special-heading-tag '  itemprop=\"headline\"  >04. <span style=\"color: #000000;\">Altri servizi<\/span><\/h3><div class='special-heading-border'><div class='special-heading-inner-border' style='border-color:#85cf30'><\/div><\/div><\/div><br \/>\n<section class=\"av_textblock_section \"  itemscope=\"itemscope\" itemtype=\"https:\/\/schema.org\/CreativeWork\" ><div class='avia_textblock  av_inherit_color '  style='color:#000000; '  itemprop=\"text\" ><p>Per tutti gli altri servizi di import, chiama un nostro operatore che potr\u00e0 fornirti tutti i dettagli per le tue esigenze<\/p>\n<\/div><\/section><br \/>\n<div  class='avia-image-container  av-styling-    avia-align- '  itemprop=\"image\" itemscope=\"itemscope\" itemtype=\"https:\/\/schema.org\/ImageObject\"  ><div class='avia-image-container-inner'><div class='avia-image-overlay-wrap'><img decoding=\"async\" class='wp-image-0 avia-img-lazy-loading-not-0 avia_image' src=\"http:\/\/gpcourier.h501lab.com\/wp-content\/uploads\/2015\/03\/magazzinogp-300x169.jpg\" alt='' title=''   itemprop=\"thumbnailUrl\"  \/><\/div><\/div><\/div><\/p><\/div><\/div><!--close column table wrapper. Autoclose: 1 -->\n<\/p>\n","protected":false},"excerpt":{"rendered":"","protected":false},"author":1,"featured_media":0,"parent":0,"menu_order":0,"comment_status":"closed","ping_status":"closed","template":"","meta":{"footnotes":""},"class_list":["post-61341","page","type-page","status-publish","hentry"],"_links":{"self":[{"href":"https:\/\/cslogisticasrl.com\/index.php?rest_route=\/wp\/v2\/pages\/61341","targetHints":{"allow":["GET"]}}],"collection":[{"href":"https:\/\/cslogisticasrl.com\/index.php?rest_route=\/wp\/v2\/pages"}],"about":[{"href":"https:\/\/cslogisticasrl.com\/index.php?rest_route=\/wp\/v2\/types\/page"}],"author":[{"embeddable":true,"href":"https:\/\/cslogisticasrl.com\/index.php?rest_route=\/wp\/v2\/users\/1"}],"replies":[{"embeddable":true,"href":"https:\/\/cslogisticasrl.com\/index.php?rest_route=%2Fwp%2Fv2%2Fcomments&post=61341"}],"version-history":[{"count":3,"href":"https:\/\/cslogisticasrl.com\/index.php?rest_route=\/wp\/v2\/pages\/61341\/revisions"}],"predecessor-version":[{"id":61457,"href":"https:\/\/cslogisticasrl.com\/index.php?rest_route=\/wp\/v2\/pages\/61341\/revisions\/61457"}],"wp:attachment":[{"href":"https:\/\/cslogisticasrl.com\/index.php?rest_route=%2Fwp%2Fv2%2Fmedia&parent=61341"}],"curies":[{"name":"wp","href":"https:\/\/api.w.org\/{rel}","templated":true}]}}