{"id":61309,"date":"2018-04-06T09:47:13","date_gmt":"2018-04-06T07:47:13","guid":{"rendered":"https:\/\/cslogisticasrl.com\/?page_id=61309"},"modified":"2018-04-06T10:11:12","modified_gmt":"2018-04-06T08:11:12","slug":"servizio-pony","status":"publish","type":"page","link":"https:\/\/cslogisticasrl.com\/?page_id=61309","title":{"rendered":"SERVIZIO PONY"},"content":{"rendered":"<div id='av_section_1'  class='avia-section main_color avia-section-no-padding avia-no-shadow  avia-bg-style-fixed  avia-builder-el-0  el_before_av_section  avia-builder-el-first   container_wrap fullsize' style='background-color: #5c6670;  '  ><div class='container' ><main  role=\"main\" itemprop=\"mainContentOfPage\"  class='template-page content  av-content-full alpha units'><div class='post-entry post-entry-type-page post-entry-61309'><div class='entry-content-wrapper clearfix'>\n<div class='flex_column_table av-equal-height-column-flextable -flextable' ><div class=\"flex_column av_one_full  flex_column_table_cell av-equal-height-column av-align-middle first  avia-builder-el-1  avia-builder-el-no-sibling  \" style='padding:10px; border-radius:0px; '><div  style='padding-bottom:1px; ' class='av-special-heading av-special-heading-h1  blockquote modern-quote modern-centered  avia-builder-el-2  avia-builder-el-no-sibling  '><h1 class='av-special-heading-tag '  itemprop=\"headline\"  >SERVIZIO PONY<\/h1><div class='special-heading-border'><div class='special-heading-inner-border' ><\/div><\/div><\/div><\/div><\/div><!--close column table wrapper. Autoclose: 1 -->\n\n<\/div><\/div><\/main><!-- close content main element --><\/div><\/div><div id='av_section_2'  class='avia-section main_color avia-section-default avia-no-shadow  avia-bg-style-scroll  avia-builder-el-3  el_after_av_section  el_before_av_section   container_wrap fullsize' style=' '  ><div class='container' ><div class='template-page content  av-content-full alpha units'><div class='post-entry post-entry-type-page post-entry-61309'><div class='entry-content-wrapper clearfix'>\n<div class='flex_column_table av-equal-height-column-flextable -flextable' ><div class=\"flex_column av_one_half  no_margin flex_column_table_cell av-equal-height-column av-align-middle first  avia-builder-el-4  el_before_av_one_half  avia-builder-el-first  \" style='padding:10px; border-radius:0px; '><p><div  style='padding-bottom:10px; ' class='av-special-heading av-special-heading-h2  blockquote modern-quote modern-centered  avia-builder-el-5  el_before_av_image  avia-builder-el-first  '><h2 class='av-special-heading-tag '  itemprop=\"headline\"  >Motorecapiti urbani<\/h2><div class='special-heading-border'><div class='special-heading-inner-border' ><\/div><\/div><\/div><br \/>\n<\/p><\/div><div class=\"flex_column av_one_half  no_margin flex_column_table_cell av-equal-height-column av-align-middle   avia-builder-el-7  el_after_av_one_half  el_before_av_hr  \" style='padding:10px; border-radius:0px; '><section class=\"av_textblock_section \"  itemscope=\"itemscope\" itemtype=\"https:\/\/schema.org\/CreativeWork\" ><div class='avia_textblock  '   itemprop=\"text\" ><p>Le due ruote sono il mezzo pi\u00f9 veloce e versatile per <strong>recapitare buste<\/strong>, <strong>pacchetti<\/strong> e <strong>materiale<\/strong> di <strong>piccole dimensioni<\/strong> dalla tua scrivania a una qualsiasi destinazione della citt\u00e0, e noi di <strong>GpCourier<\/strong> garantiamo la <strong>consegna entro 3 ore<\/strong> massimo dalla chiamata in <strong>tutta Roma<\/strong>.<\/p>\n<p>Hai necessit\u00e0 che il tuo pacco venga consegnato ancora pi\u00f9 velocemente?<br \/>\nNessun problema, noi la <strong>recapitiamo in 1 ora<\/strong>, e, se serve, anche in\u00a0<strong>30 minuti<\/strong>.<br \/>\nIncluso nel <strong>servizio di consegna urgente<\/strong>, ti comunichiamo il <strong>nome di chi ha ritirato<\/strong> la busta e l\u2019<strong>orario<\/strong> dell\u2019avvenuta consegna.<\/p>\n<p><em>Sicurezza totale sotto controllo!<\/em><\/p>\n<p>Il servizio pu\u00f2 essere utilizzato richiedendo un <strong>carnet di abbonamenti<\/strong>, oppure ordinando la singola corsa, con il <strong>pagamento alla consegna<\/strong> o al ritiro direttamente al fattorino (richiedendo la fattura al centralino al momento della richiesta).<\/p>\n<p>Il <strong>servizio di Pony Express<\/strong> veloce \u00e8 disponibile<strong> dal luned\u00ec al venerd\u00ec<\/strong> dalle ore <strong>9:00<\/strong> alle ore <strong>17:00<\/strong>.<\/p>\n<p>Hai ancora qualche dubbio? Non esitare: chiama il n. <a href=\"tel:0690069074\">06.90069074<\/a><br \/>\nTi risponder\u00e0 un operatore pronto a darti una soluzione su misura per le tue esigenze.<\/p>\n<\/div><\/section><\/div><\/div><!--close column table wrapper. Autoclose: 1 --><div  style=' margin-top:10px; margin-bottom:30px;'  class='hr hr-custom hr-center hr-icon-no   avia-builder-el-9  el_after_av_one_half  avia-builder-el-last '><span class='hr-inner  inner-border-av-border-thin' style=' width:25%;' ><span class='hr-inner-style'><\/span><\/span><\/div>\n\n<\/div><\/div><\/div><!-- close content main div --><\/div><\/div><div id='av_section_3'  class='avia-section main_color avia-section-default avia-no-border-styling  avia-bg-style-scroll  avia-builder-el-10  el_after_av_section  avia-builder-el-last   container_wrap fullsize' style=' '  ><div class='container' ><div class='template-page content  av-content-full alpha units'><div class='post-entry post-entry-type-page post-entry-61309'><div class='entry-content-wrapper clearfix'>\n<div  style='padding-bottom:10px; ' class='av-special-heading av-special-heading-h1  blockquote modern-quote modern-centered  avia-builder-el-11  el_before_av_hr  avia-builder-el-first  '><h1 class='av-special-heading-tag '  itemprop=\"headline\"  >Specifiche <span style=\"color: #000000;\">delle zone<\/span><\/h1><div class='special-heading-border'><div class='special-heading-inner-border' ><\/div><\/div><\/div>\n<div  style=' margin-top:10px; margin-bottom:30px;'  class='hr hr-custom hr-center hr-icon-no   avia-builder-el-12  el_after_av_heading  el_before_av_one_fourth '><span class='hr-inner  inner-border-av-border-thin' style=' width:25%;' ><span class='hr-inner-style'><\/span><\/span><\/div>\n<div class='flex_column_table av-equal-height-column-flextable -flextable' ><div class=\"flex_column av_one_fourth  flex_column_table_cell av-equal-height-column av-align-top av-zero-column-padding first  avia-builder-el-13  el_after_av_hr  el_before_av_one_fourth  \" style='border-radius:2px; '><p><div  style='padding-bottom:10px; color:#85cf30;' class='av-special-heading av-special-heading-h3 custom-color-heading blockquote modern-quote  avia-builder-el-14  el_before_av_textblock  avia-builder-el-first  '><h3 class='av-special-heading-tag '  itemprop=\"headline\"  >01. <span style=\"color: #000000;\">Specifiche tagliandi<\/span><\/h3><div class='special-heading-border'><div class='special-heading-inner-border' style='border-color:#85cf30'><\/div><\/div><\/div><br \/>\n<section class=\"av_textblock_section \"  itemscope=\"itemscope\" itemtype=\"https:\/\/schema.org\/CreativeWork\" ><div class='avia_textblock  av_inherit_color '  style='color:#000000; '  itemprop=\"text\" ><ul>\n<li>per le corse all&#8217;interno della linea rossa saranno chiesti n\u00b0 1 tag.<\/li>\n<li>per le corse dall&#8217;interno della linea rossa fino a quella verde(GRA)e vicevers<\/li>\n<li>a saranno chiesti n\u00b0 2 tag.per le corse all&#8217;interno della sola linea verde(GRA) saranno chiesti n\u00b0 2 tag.<\/li>\n<li>per tutte le corse che supereranno la linea verde(GRA)la quotazione dei tag. sar\u00e0 valutata al momento.<\/li>\n<\/ul>\n<\/div><\/section><br \/>\n<div  class='avia-image-container  av-styling-    avia-builder-el-16  el_after_av_textblock  avia-builder-el-last  avia-align- '  itemprop=\"image\" itemscope=\"itemscope\" itemtype=\"https:\/\/schema.org\/ImageObject\"  ><div class='avia-image-container-inner'><div class='avia-image-overlay-wrap'><img decoding=\"async\" class='wp-image-0 avia-img-lazy-loading-not-0 avia_image' src=\"http:\/\/gpcourier.h501lab.com\/wp-content\/uploads\/2015\/03\/airplane-300x169.jpg\" alt='' title=''   itemprop=\"thumbnailUrl\"  \/><\/div><\/div><\/div><\/p><\/div><div class='av-flex-placeholder'><\/div><div class=\"flex_column av_one_fourth  flex_column_table_cell av-equal-height-column av-align-top av-zero-column-padding   avia-builder-el-17  el_after_av_one_fourth  el_before_av_one_half  \" style='border-radius:0px; '><p><div  style='padding-bottom:10px; color:#85cf30;' class='av-special-heading av-special-heading-h3 custom-color-heading blockquote modern-quote  avia-builder-el-18  el_before_av_textblock  avia-builder-el-first  '><h3 class='av-special-heading-tag '  itemprop=\"headline\"  >02. <span style=\"color: #000000;\">limite della <span class='special_amp'>&#8220;<\/span>linea rossa<span class='special_amp'>&#8221;<\/span><\/span><\/h3><div class='special-heading-border'><div class='special-heading-inner-border' style='border-color:#85cf30'><\/div><\/div><\/div><br \/>\n<section class=\"av_textblock_section \"  itemscope=\"itemscope\" itemtype=\"https:\/\/schema.org\/CreativeWork\" ><div class='avia_textblock  av_inherit_color '  style='color:#000000; '  itemprop=\"text\" ><ol>\n<li>APPIA( arco di travertino)<\/li>\n<li>TUSCOLANA(arco di travertino)<\/li>\n<li>CASILINA(via torpignattara)<\/li>\n<li>PRENESTINA(largo preneste)<\/li>\n<li>COLLATINA( via serenissima)<\/li>\n<li>TIBURTINA(via fiorentini)<\/li>\n<li>NOMENTANA( circonv ,nomentana)<\/li>\n<li>SALARIA(tangenziale est)<\/li>\n<li>FLAMINIA(inc.viale tor di quinto)<\/li>\n<li>CASSIA(altezza osp.san pietro)<\/li>\n<li>TRIONFALE(via cadlolo)<\/li>\n<li>BOCCEA(via baldo degli ubaldi)<\/li>\n<li>AURELIA(piazza Irnerio)<\/li>\n<li>PISANA(tutta fino al GRA)<\/li>\n<li>PORTUENSE(via q.majorana)<\/li>\n<li>MAGLIANA(via villa bonelli)<\/li>\n<li>OSTIENSE(inc.via del mare)<\/li>\n<li>COLOMBO(laghetto EUR)<\/li>\n<li>LAURENTINA(piazzale mattei)<\/li>\n<li>ARDEATINA(via delle sette chiese)<\/li>\n<\/ol>\n<\/div><\/section><br \/>\n<div  class='avia-image-container  av-styling-    avia-builder-el-20  el_after_av_textblock  avia-builder-el-last  avia-align- '  itemprop=\"image\" itemscope=\"itemscope\" itemtype=\"https:\/\/schema.org\/ImageObject\"  ><div class='avia-image-container-inner'><div class='avia-image-overlay-wrap'><img decoding=\"async\" class='wp-image-0 avia-img-lazy-loading-not-0 avia_image' src=\"http:\/\/gpcourier.h501lab.com\/wp-content\/uploads\/2015\/03\/ominogrey-300x169.jpg\" alt='' title=''   itemprop=\"thumbnailUrl\"  \/><\/div><\/div><\/div><\/p><\/div><div class='av-flex-placeholder'><\/div><div class=\"flex_column av_one_half  flex_column_table_cell av-equal-height-column av-align-top av-zero-column-padding   avia-builder-el-21  el_after_av_one_fourth  avia-builder-el-last  \" style='border-radius:0px; '><p><div  style='padding-bottom:10px; color:#85cf30;' class='av-special-heading av-special-heading-h3 custom-color-heading blockquote modern-quote  avia-builder-el-22  el_before_av_image  avia-builder-el-first  '><h3 class='av-special-heading-tag '  itemprop=\"headline\"  >03. <span style=\"color: #000000;\">indicazione zona rossa e zona verde<\/span><\/h3><div class='special-heading-border'><div class='special-heading-inner-border' style='border-color:#85cf30'><\/div><\/div><\/div><br \/>\n<div  class='avia-image-container  av-styling-    avia-builder-el-23  el_after_av_heading  el_before_av_image  avia-align-left '  itemprop=\"image\" itemscope=\"itemscope\" itemtype=\"https:\/\/schema.org\/ImageObject\"  ><div class='avia-image-container-inner'><div class='avia-image-overlay-wrap'><img decoding=\"async\" class='wp-image-61312 avia-img-lazy-loading-not-61312 avia_image' src=\"https:\/\/cslogisticasrl.com\/wp-content\/uploads\/2018\/04\/mappa_limiti.jpg\" alt='' title='mappa_limiti' height=\"424\" width=\"430\"  itemprop=\"thumbnailUrl\" srcset=\"https:\/\/cslogisticasrl.com\/wp-content\/uploads\/2018\/04\/mappa_limiti.jpg 430w, https:\/\/cslogisticasrl.com\/wp-content\/uploads\/2018\/04\/mappa_limiti-80x80.jpg 80w, https:\/\/cslogisticasrl.com\/wp-content\/uploads\/2018\/04\/mappa_limiti-300x296.jpg 300w, https:\/\/cslogisticasrl.com\/wp-content\/uploads\/2018\/04\/mappa_limiti-36x36.jpg 36w\" sizes=\"(max-width: 430px) 100vw, 430px\" \/><\/div><\/div><\/div><br \/>\n<div  class='avia-image-container  av-styling-    avia-builder-el-24  el_after_av_image  avia-builder-el-last  avia-align- '  itemprop=\"image\" itemscope=\"itemscope\" itemtype=\"https:\/\/schema.org\/ImageObject\"  ><div class='avia-image-container-inner'><div class='avia-image-overlay-wrap'><img decoding=\"async\" class='wp-image-0 avia-img-lazy-loading-not-0 avia_image' src=\"http:\/\/gpcourier.h501lab.com\/wp-content\/uploads\/2015\/03\/van-300x169.jpg\" alt='' title=''   itemprop=\"thumbnailUrl\"  \/><\/div><\/div><\/div><\/p><\/div><\/div><!--close column table wrapper. Autoclose: 1 -->\n","protected":false},"excerpt":{"rendered":"","protected":false},"author":1,"featured_media":0,"parent":0,"menu_order":0,"comment_status":"closed","ping_status":"closed","template":"","meta":{"footnotes":""},"class_list":["post-61309","page","type-page","status-publish","hentry"],"_links":{"self":[{"href":"https:\/\/cslogisticasrl.com\/index.php?rest_route=\/wp\/v2\/pages\/61309","targetHints":{"allow":["GET"]}}],"collection":[{"href":"https:\/\/cslogisticasrl.com\/index.php?rest_route=\/wp\/v2\/pages"}],"about":[{"href":"https:\/\/cslogisticasrl.com\/index.php?rest_route=\/wp\/v2\/types\/page"}],"author":[{"embeddable":true,"href":"https:\/\/cslogisticasrl.com\/index.php?rest_route=\/wp\/v2\/users\/1"}],"replies":[{"embeddable":true,"href":"https:\/\/cslogisticasrl.com\/index.php?rest_route=%2Fwp%2Fv2%2Fcomments&post=61309"}],"version-history":[{"count":8,"href":"https:\/\/cslogisticasrl.com\/index.php?rest_route=\/wp\/v2\/pages\/61309\/revisions"}],"predecessor-version":[{"id":61322,"href":"https:\/\/cslogisticasrl.com\/index.php?rest_route=\/wp\/v2\/pages\/61309\/revisions\/61322"}],"wp:attachment":[{"href":"https:\/\/cslogisticasrl.com\/index.php?rest_route=%2Fwp%2Fv2%2Fmedia&parent=61309"}],"curies":[{"name":"wp","href":"https:\/\/api.w.org\/{rel}","templated":true}]}}