{"id":61278,"date":"2018-04-05T14:48:16","date_gmt":"2018-04-05T12:48:16","guid":{"rendered":"https:\/\/cslogisticasrl.com\/?page_id=61278"},"modified":"2018-04-05T14:48:16","modified_gmt":"2018-04-05T12:48:16","slug":"international-priority","status":"publish","type":"page","link":"https:\/\/cslogisticasrl.com\/?page_id=61278","title":{"rendered":"International Priority\u00ae"},"content":{"rendered":"<section class=\"av_textblock_section \"  itemscope=\"itemscope\" itemtype=\"https:\/\/schema.org\/CreativeWork\" ><div class='avia_textblock  '   itemprop=\"text\" ><\/div><\/section>\n<\/div><\/div><\/div><!-- close content main div --><\/div><\/div><div id='av_section_1'  class='avia-section main_color avia-section-no-padding avia-no-shadow  avia-bg-style-fixed  avia-builder-el-1  el_after_av_textblock  el_before_av_section   container_wrap fullsize' style='background-color: #5c6670;  '  ><div class='container' ><div class='template-page content  av-content-full alpha units'><div class='post-entry post-entry-type-page post-entry-61278'><div class='entry-content-wrapper clearfix'>\n<div class='flex_column_table av-equal-height-column-flextable -flextable' ><div class=\"flex_column av_one_full  flex_column_table_cell av-equal-height-column av-align-middle first  avia-builder-el-2  avia-builder-el-no-sibling  \" style='padding:10px; border-radius:0px; '><div  style='padding-bottom:1px; ' class='av-special-heading av-special-heading-h1  blockquote modern-quote modern-centered  avia-builder-el-3  avia-builder-el-no-sibling  '><h1 class='av-special-heading-tag '  itemprop=\"headline\"  >International Priority\u00ae<\/h1><div class='special-heading-border'><div class='special-heading-inner-border' ><\/div><\/div><\/div><\/div><\/div><!--close column table wrapper. Autoclose: 1 --><\/div><\/div><\/div><!-- close content main div --><\/div><\/div><div id='av_section_2'  class='avia-section main_color avia-section-default avia-no-shadow  avia-bg-style-scroll  avia-builder-el-4  el_after_av_section  el_before_av_section   container_wrap fullsize' style=' '  ><div class='container' ><div class='template-page content  av-content-full alpha units'><div class='post-entry post-entry-type-page post-entry-61278'><div class='entry-content-wrapper clearfix'>\n<div class='flex_column_table av-equal-height-column-flextable -flextable' ><div class=\"flex_column av_one_half  no_margin flex_column_table_cell av-equal-height-column av-align-middle first  avia-builder-el-5  el_before_av_one_half  avia-builder-el-first  \" style='padding:10px; border-radius:0px; '><p><div  style='padding-bottom:10px; ' class='av-special-heading av-special-heading-h2  blockquote modern-quote  avia-builder-el-6  el_before_av_image  avia-builder-el-first  '><h2 class='av-special-heading-tag '  itemprop=\"headline\"  >Servizi di spedizione in import adatti alle vostre esigenze<\/h2><div class='special-heading-border'><div class='special-heading-inner-border' ><\/div><\/div><\/div><br \/>\n<\/p><\/div><div class=\"flex_column av_one_half  no_margin flex_column_table_cell av-equal-height-column av-align-middle   avia-builder-el-8  el_after_av_one_half  el_before_av_hr  \" style='padding:10px; border-radius:0px; '><section class=\"av_textblock_section \"  itemscope=\"itemscope\" itemtype=\"https:\/\/schema.org\/CreativeWork\" ><div class='avia_textblock  '   itemprop=\"text\" ><p>Il servizio aereo espresso altamente affidabile per merci e documenti fino a 68 kg per collo, door-to-door, con tempi di consegna garantiti e comprensivo delle operazioni di sdoganamento.<\/p>\n<p>Permette un accesso pi\u00f9 veloce ad un numero maggiore di mercati garantito dal nostro crescente servizio espresso. Un servizio che vi lascia pi\u00f9 tempo effettuando i ritiri pi\u00f9 tardi nella giornata per consegne con arrivo entro il giorno successivo verso i maggiori mercati mondiali.<\/p>\n<\/div><\/section><\/div><\/div><!--close column table wrapper. Autoclose: 1 --><div  style=' margin-top:10px; margin-bottom:30px;'  class='hr hr-custom hr-center hr-icon-no   avia-builder-el-10  el_after_av_one_half  avia-builder-el-last '><span class='hr-inner  inner-border-av-border-thin' style=' width:25%;' ><span class='hr-inner-style'><\/span><\/span><\/div>\n<\/div><\/div><\/div><!-- close content main div --><\/div><\/div><div id='av_section_3'  class='avia-section main_color avia-section-default avia-no-border-styling  avia-bg-style-scroll  avia-builder-el-11  el_after_av_section  avia-builder-el-last   container_wrap fullsize' style=' '  ><div class='container' ><div class='template-page content  av-content-full alpha units'><div class='post-entry post-entry-type-page post-entry-61278'><div class='entry-content-wrapper clearfix'>\n<div  style='padding-bottom:10px; ' class='av-special-heading av-special-heading-h1  blockquote modern-quote modern-centered  avia-builder-el-12  el_before_av_hr  avia-builder-el-first  '><h1 class='av-special-heading-tag '  itemprop=\"headline\"  >Caratteristiche <span style=\"color: #000000;\">del servizio <\/span><\/h1><div class='special-heading-border'><div class='special-heading-inner-border' ><\/div><\/div><\/div>\n<div  style=' margin-top:10px; margin-bottom:30px;'  class='hr hr-custom hr-center hr-icon-no   avia-builder-el-13  el_after_av_heading  el_before_av_one_fifth '><span class='hr-inner  inner-border-av-border-thin' style=' width:25%;' ><span class='hr-inner-style'><\/span><\/span><\/div>\n<div class='flex_column_table av-equal-height-column-flextable -flextable' ><div class=\"flex_column av_one_fifth  flex_column_table_cell av-equal-height-column av-align-top av-zero-column-padding first  avia-builder-el-14  el_after_av_hr  el_before_av_one_fifth  \" style='border-radius:2px; '><p><div  style='padding-bottom:10px; color:#85cf30;' class='av-special-heading av-special-heading-h3 custom-color-heading blockquote modern-quote  avia-builder-el-15  el_before_av_textblock  avia-builder-el-first  '><h3 class='av-special-heading-tag '  itemprop=\"headline\"  >01. <span style=\"color: #000000;\">Copertura<\/span><\/h3><div class='special-heading-border'><div class='special-heading-inner-border' style='border-color:#85cf30'><\/div><\/div><\/div><br \/>\n<section class=\"av_textblock_section \"  itemscope=\"itemscope\" itemtype=\"https:\/\/schema.org\/CreativeWork\" ><div class='avia_textblock  av_inherit_color '  style='color:#000000; '  itemprop=\"text\" ><p>Il servizio e` disponibile in oltre 220 paesi in tutto il mondo &#8211; America del Nord e del Sud, Europa, Asia, Africa ed Oceania.<\/p>\n<\/div><\/section><br \/>\n<div  class='avia-image-container  av-styling-    avia-builder-el-17  el_after_av_textblock  avia-builder-el-last  avia-align- '  itemprop=\"image\" itemscope=\"itemscope\" itemtype=\"https:\/\/schema.org\/ImageObject\"  ><div class='avia-image-container-inner'><div class='avia-image-overlay-wrap'><img decoding=\"async\" class='wp-image-0 avia-img-lazy-loading-not-0 avia_image' src=\"http:\/\/gpcourier.h501lab.com\/wp-content\/uploads\/2015\/03\/airplane-300x169.jpg\" alt='' title=''   itemprop=\"thumbnailUrl\"  \/><\/div><\/div><\/div><\/p><\/div><div class='av-flex-placeholder'><\/div><div class=\"flex_column av_one_fifth  flex_column_table_cell av-equal-height-column av-align-top av-zero-column-padding   avia-builder-el-18  el_after_av_one_fifth  el_before_av_one_fifth  \" style='border-radius:0px; '><p><div  style='padding-bottom:10px; color:#85cf30;' class='av-special-heading av-special-heading-h3 custom-color-heading blockquote modern-quote  avia-builder-el-19  el_before_av_textblock  avia-builder-el-first  '><h3 class='av-special-heading-tag '  itemprop=\"headline\"  >02. <span style=\"color: #000000;\">Consegna<\/span><\/h3><div class='special-heading-border'><div class='special-heading-inner-border' style='border-color:#85cf30'><\/div><\/div><\/div><br \/>\n<section class=\"av_textblock_section \"  itemscope=\"itemscope\" itemtype=\"https:\/\/schema.org\/CreativeWork\" ><div class='avia_textblock  av_inherit_color '  style='color:#000000; '  itemprop=\"text\" ><ul>\n<li>Il giorno successivo in oltre 75.000 codici postali in tutta Europa<\/li>\n<li>Il giorno successivo entro le 10:30 del mattino verso Stati Uniti e Canada<\/li>\n<li>Consegna garantita in 1-2 giorni nella maggior parte delle destinazioni asiatiche<\/li>\n<li>Entro 2-4 giorni verso tutte le altre destinazioni FedEx<\/li>\n<\/ul>\n<\/div><\/section><br \/>\n<div  class='avia-image-container  av-styling-    avia-builder-el-21  el_after_av_textblock  avia-builder-el-last  avia-align- '  itemprop=\"image\" itemscope=\"itemscope\" itemtype=\"https:\/\/schema.org\/ImageObject\"  ><div class='avia-image-container-inner'><div class='avia-image-overlay-wrap'><img decoding=\"async\" class='wp-image-0 avia-img-lazy-loading-not-0 avia_image' src=\"http:\/\/gpcourier.h501lab.com\/wp-content\/uploads\/2015\/03\/ominogrey-300x169.jpg\" alt='' title=''   itemprop=\"thumbnailUrl\"  \/><\/div><\/div><\/div><\/p><\/div><div class='av-flex-placeholder'><\/div><div class=\"flex_column av_one_fifth  flex_column_table_cell av-equal-height-column av-align-top av-zero-column-padding   avia-builder-el-22  el_after_av_one_fifth  el_before_av_one_fifth  \" style='border-radius:0px; '><p><div  style='padding-bottom:10px; color:#85cf30;' class='av-special-heading av-special-heading-h3 custom-color-heading blockquote modern-quote  avia-builder-el-23  el_before_av_textblock  avia-builder-el-first  '><h3 class='av-special-heading-tag '  itemprop=\"headline\"  >03. <span style=\"color: #000000;\">Cosa si pu\u00f2 spedire<\/span><\/h3><div class='special-heading-border'><div class='special-heading-inner-border' style='border-color:#85cf30'><\/div><\/div><\/div><br \/>\n<section class=\"av_textblock_section \"  itemscope=\"itemscope\" itemtype=\"https:\/\/schema.org\/CreativeWork\" ><div class='avia_textblock  av_inherit_color '  style='color:#000000; '  itemprop=\"text\" ><p>I colli possono misurare fino a 274 cm di larghezza e 330 cm di lunghezza + circonferenza (circonferenza = 2 x altezza + 2 x larghezza).<\/p>\n<\/div><\/section><br \/>\n<div  class='avia-image-container  av-styling-    avia-builder-el-25  el_after_av_textblock  avia-builder-el-last  avia-align- '  itemprop=\"image\" itemscope=\"itemscope\" itemtype=\"https:\/\/schema.org\/ImageObject\"  ><div class='avia-image-container-inner'><div class='avia-image-overlay-wrap'><img decoding=\"async\" class='wp-image-0 avia-img-lazy-loading-not-0 avia_image' src=\"http:\/\/gpcourier.h501lab.com\/wp-content\/uploads\/2015\/03\/van-300x169.jpg\" alt='' title=''   itemprop=\"thumbnailUrl\"  \/><\/div><\/div><\/div><\/p><\/div><div class='av-flex-placeholder'><\/div><div class=\"flex_column av_one_fifth  flex_column_table_cell av-equal-height-column av-align-top av-zero-column-padding   avia-builder-el-26  el_after_av_one_fifth  el_before_av_one_fifth  \" style='border-radius:0px; '><p><div  style='padding-bottom:10px; color:#85cf30;' class='av-special-heading av-special-heading-h3 custom-color-heading blockquote modern-quote  avia-builder-el-27  el_before_av_textblock  avia-builder-el-first  '><h3 class='av-special-heading-tag '  itemprop=\"headline\"  >04. <span style=\"color: #000000;\">Dimensioni<\/span><\/h3><div class='special-heading-border'><div class='special-heading-inner-border' style='border-color:#85cf30'><\/div><\/div><\/div><br \/>\n<section class=\"av_textblock_section \"  itemscope=\"itemscope\" itemtype=\"https:\/\/schema.org\/CreativeWork\" ><div class='avia_textblock  av_inherit_color '  style='color:#000000; '  itemprop=\"text\" ><ul>\n<li>Consegna veloce<\/li>\n<li>La prova di consegna \u00e8 inclusa<\/li>\n<li>Gestisci gli incassi al momento della consegna<\/li>\n<li>Giacenza di 15 giorni<\/li>\n<li>Due tentativi di consegna<\/li>\n<\/ul>\n<\/div><\/section><br \/>\n<div  class='avia-image-container  av-styling-    avia-builder-el-29  el_after_av_textblock  avia-builder-el-last  avia-align- '  itemprop=\"image\" itemscope=\"itemscope\" itemtype=\"https:\/\/schema.org\/ImageObject\"  ><div class='avia-image-container-inner'><div class='avia-image-overlay-wrap'><img decoding=\"async\" class='wp-image-0 avia-img-lazy-loading-not-0 avia_image' src=\"http:\/\/gpcourier.h501lab.com\/wp-content\/uploads\/2015\/03\/magazzinogp-300x169.jpg\" alt='' title=''   itemprop=\"thumbnailUrl\"  \/><\/div><\/div><\/div><\/p><\/div><div class='av-flex-placeholder'><\/div><div class=\"flex_column av_one_fifth  flex_column_table_cell av-equal-height-column av-align-top av-zero-column-padding   avia-builder-el-30  el_after_av_one_fifth  avia-builder-el-last  \" style='border-radius:0px; '><p><div  style='padding-bottom:10px; color:#85cf30;' class='av-special-heading av-special-heading-h3 custom-color-heading blockquote modern-quote  avia-builder-el-31  el_before_av_textblock  avia-builder-el-first  '><h3 class='av-special-heading-tag '  itemprop=\"headline\"  >05. <span style=\"color: #000000;\">Dogana<\/span><\/h3><div class='special-heading-border'><div class='special-heading-inner-border' style='border-color:#85cf30'><\/div><\/div><\/div><br \/>\n<section class=\"av_textblock_section \"  itemscope=\"itemscope\" itemtype=\"https:\/\/schema.org\/CreativeWork\" ><div class='avia_textblock  av_inherit_color '  style='color:#000000; '  itemprop=\"text\" ><ul>\n<li>Massimo valore dichiarabile di $ 100 su FedEx\u00ae Envelope \/ FedEx\u00ae Pak<\/li>\n<li>Il valore complessivo per la responsabilit\u00e0 del vettore non deve comunque eccedere il valore complessivo dichiarato ai fini doganali.<\/li>\n<\/ul>\n<\/div><\/section><br \/>\n<div  class='avia-image-container  av-styling-    avia-builder-el-33  el_after_av_textblock  avia-builder-el-last  avia-align- '  itemprop=\"image\" itemscope=\"itemscope\" itemtype=\"https:\/\/schema.org\/ImageObject\"  ><div class='avia-image-container-inner'><div class='avia-image-overlay-wrap'><img decoding=\"async\" class='wp-image-0 avia-img-lazy-loading-not-0 avia_image' src=\"http:\/\/gpcourier.h501lab.com\/wp-content\/uploads\/2015\/03\/magazzinogp-300x169.jpg\" alt='' title=''   itemprop=\"thumbnailUrl\"  \/><\/div><\/div><\/div><\/p><\/div><\/div><!--close column table wrapper. Autoclose: 1 --><\/p>\n","protected":false},"excerpt":{"rendered":"","protected":false},"author":1,"featured_media":0,"parent":0,"menu_order":0,"comment_status":"closed","ping_status":"closed","template":"","meta":{"footnotes":""},"class_list":["post-61278","page","type-page","status-publish","hentry"],"_links":{"self":[{"href":"https:\/\/cslogisticasrl.com\/index.php?rest_route=\/wp\/v2\/pages\/61278","targetHints":{"allow":["GET"]}}],"collection":[{"href":"https:\/\/cslogisticasrl.com\/index.php?rest_route=\/wp\/v2\/pages"}],"about":[{"href":"https:\/\/cslogisticasrl.com\/index.php?rest_route=\/wp\/v2\/types\/page"}],"author":[{"embeddable":true,"href":"https:\/\/cslogisticasrl.com\/index.php?rest_route=\/wp\/v2\/users\/1"}],"replies":[{"embeddable":true,"href":"https:\/\/cslogisticasrl.com\/index.php?rest_route=%2Fwp%2Fv2%2Fcomments&post=61278"}],"version-history":[{"count":2,"href":"https:\/\/cslogisticasrl.com\/index.php?rest_route=\/wp\/v2\/pages\/61278\/revisions"}],"predecessor-version":[{"id":61342,"href":"https:\/\/cslogisticasrl.com\/index.php?rest_route=\/wp\/v2\/pages\/61278\/revisions\/61342"}],"wp:attachment":[{"href":"https:\/\/cslogisticasrl.com\/index.php?rest_route=%2Fwp%2Fv2%2Fmedia&parent=61278"}],"curies":[{"name":"wp","href":"https:\/\/api.w.org\/{rel}","templated":true}]}}