{"id":61139,"date":"2018-04-04T15:25:12","date_gmt":"2018-04-04T13:25:12","guid":{"rendered":"https:\/\/cslogisticasrl.com\/?page_id=61139"},"modified":"2018-04-05T13:27:49","modified_gmt":"2018-04-05T11:27:49","slug":"posta-prioritaria","status":"publish","type":"page","link":"https:\/\/cslogisticasrl.com\/?page_id=61139","title":{"rendered":"Posta prioritaria"},"content":{"rendered":"<div id='av_section_1'  class='avia-section main_color avia-section-no-padding avia-no-shadow  avia-bg-style-fixed  avia-builder-el-0  el_before_av_section  avia-builder-el-first   container_wrap fullsize' style='background-color: #5c6670;  '  ><div class='container' ><main  role=\"main\" itemprop=\"mainContentOfPage\"  class='template-page content  av-content-full alpha units'><div class='post-entry post-entry-type-page post-entry-61139'><div class='entry-content-wrapper clearfix'>\n<div class='flex_column_table av-equal-height-column-flextable -flextable' ><div class=\"flex_column av_one_full  flex_column_table_cell av-equal-height-column av-align-middle first  avia-builder-el-1  avia-builder-el-no-sibling  \" style='padding:10px; border-radius:0px; '><div  style='padding-bottom:1px; ' class='av-special-heading av-special-heading-h1  blockquote modern-quote modern-centered  avia-builder-el-2  avia-builder-el-no-sibling  '><h1 class='av-special-heading-tag '  itemprop=\"headline\"  >Posta1 <\/h1><div class='special-heading-border'><div class='special-heading-inner-border' ><\/div><\/div><\/div><\/div><\/div><!--close column table wrapper. Autoclose: 1 -->\n\n<\/div><\/div><\/main><!-- close content main element --><\/div><\/div><div id='av_section_2'  class='avia-section main_color avia-section-default avia-no-shadow  avia-bg-style-scroll  avia-builder-el-3  el_after_av_section  el_before_av_section   container_wrap fullsize' style=' '  ><div class='container' ><div class='template-page content  av-content-full alpha units'><div class='post-entry post-entry-type-page post-entry-61139'><div class='entry-content-wrapper clearfix'>\n<div class='flex_column_table av-equal-height-column-flextable -flextable' ><div class=\"flex_column av_one_half  no_margin flex_column_table_cell av-equal-height-column av-align-middle first  avia-builder-el-4  el_before_av_one_half  avia-builder-el-first  \" style='padding:10px; border-radius:0px; '><p><div  style='padding-bottom:10px; ' class='av-special-heading av-special-heading-h2  blockquote modern-quote  avia-builder-el-5  el_before_av_image  avia-builder-el-first  '><h2 class='av-special-heading-tag '  itemprop=\"headline\"  >Il modo pi\u00f9 veloce per spedire lettere in tutta Italia, con l\u2019informazione dell\u2019esito di consegna.<\/h2><div class='special-heading-border'><div class='special-heading-inner-border' ><\/div><\/div><\/div><br \/>\n<div  class='avia-image-container  av-styling-no-styling    avia-builder-el-6  el_after_av_heading  avia-builder-el-last  avia-align-center '  itemprop=\"image\" itemscope=\"itemscope\" itemtype=\"https:\/\/schema.org\/ImageObject\"  ><div class='avia-image-container-inner'><div class='avia-image-overlay-wrap'><img decoding=\"async\" class='wp-image-61140 avia-img-lazy-loading-not-61140 avia_image' src=\"https:\/\/cslogisticasrl.com\/wp-content\/uploads\/2018\/04\/free-vector-posta-prioritaria_032161_posta-prioritaria_zps83e920731.png\" alt='' title='free-vector-posta-prioritaria_032161_posta-prioritaria_zps83e920731' height=\"242\" width=\"640\"  itemprop=\"thumbnailUrl\" srcset=\"https:\/\/cslogisticasrl.com\/wp-content\/uploads\/2018\/04\/free-vector-posta-prioritaria_032161_posta-prioritaria_zps83e920731.png 640w, https:\/\/cslogisticasrl.com\/wp-content\/uploads\/2018\/04\/free-vector-posta-prioritaria_032161_posta-prioritaria_zps83e920731-300x113.png 300w, https:\/\/cslogisticasrl.com\/wp-content\/uploads\/2018\/04\/free-vector-posta-prioritaria_032161_posta-prioritaria_zps83e920731-450x170.png 450w\" sizes=\"(max-width: 640px) 100vw, 640px\" \/><\/div><\/div><\/div><\/p><\/div><div class=\"flex_column av_one_half  no_margin flex_column_table_cell av-equal-height-column av-align-middle   avia-builder-el-7  el_after_av_one_half  el_before_av_hr  \" style='padding:10px; border-radius:0px; '><section class=\"av_textblock_section \"  itemscope=\"itemscope\" itemtype=\"https:\/\/schema.org\/CreativeWork\" ><div class='avia_textblock  '   itemprop=\"text\" ><h3 class=\"h6\"><strong>La tua soddisfazione \u00e8 prioritaria<\/strong><\/h3>\n<ul class=\"list-check\">\n<li>Posta1 \u00e8 il servizio universale di posta prioritaria che ti permette di inviare velocemente in tutta Italia documenti e comunicazioni fino a 2 Kg.<\/li>\n<\/ul>\n<div><\/div>\n<h3 class=\"h6\"><strong>In tutta Italia. Da tutta Italia<\/strong><\/h3>\n<ul class=\"list-check\">\n<li>Spedisci in tutta Italia utilizzando una delle oltre 50.000 cassette postali o presso gli uffici postali presenti su tutto il territorio nazionale.<\/li>\n<\/ul>\n<div><\/div>\n<h3 class=\"h6\"><strong>Informazione sull&#8217;esito della consegna<\/strong><\/h3>\n<ul class=\"list-check\">\n<li>Con il codice bidimensionale dedicato da applicare sulla busta, puoi sapere se la tua corrispondenza \u00e8 stata consegnata: il servizio \u00e8 incluso nella tariffa.<\/li>\n<li>Puoi verificare l\u2019esito della consegna attraverso il servizio Cerca Spedizioni, il numero verde 803.160 e l\u2019App Ufficio Postale.<\/li>\n<\/ul>\n<p><em>\u00a0<\/em><\/p>\n<\/div><\/section><\/div><\/div><!--close column table wrapper. Autoclose: 1 --><div  style=' margin-top:10px; margin-bottom:30px;'  class='hr hr-custom hr-center hr-icon-no   avia-builder-el-9  el_after_av_one_half  avia-builder-el-last '><span class='hr-inner  inner-border-av-border-thin' style=' width:25%;' ><span class='hr-inner-style'><\/span><\/span><\/div>\n<\/div><\/div><\/div><!-- close content main div --><\/div><\/div><div id='av_section_3'  class='avia-section main_color avia-section-default avia-no-border-styling  avia-bg-style-scroll  avia-builder-el-10  el_after_av_section  avia-builder-el-last   container_wrap fullsize' style=' '  ><div class='container' ><div class='template-page content  av-content-full alpha units'><div class='post-entry post-entry-type-page post-entry-61139'><div class='entry-content-wrapper clearfix'>\n<div  style='padding-bottom:10px; ' class='av-special-heading av-special-heading-h1  blockquote modern-quote modern-centered  avia-builder-el-11  el_before_av_hr  avia-builder-el-first  '><h1 class='av-special-heading-tag '  itemprop=\"headline\"  > Scopri <span style=\"color: #000000;\">di pi\u00f9 <\/span><\/h1><div class='special-heading-border'><div class='special-heading-inner-border' ><\/div><\/div><\/div>\n<div  style=' margin-top:10px; margin-bottom:30px;'  class='hr hr-custom hr-center hr-icon-no   avia-builder-el-12  el_after_av_heading  el_before_av_one_fourth '><span class='hr-inner  inner-border-av-border-thin' style=' width:25%;' ><span class='hr-inner-style'><\/span><\/span><\/div>\n<div class='flex_column_table av-equal-height-column-flextable -flextable' ><div class=\"flex_column av_one_fourth  flex_column_table_cell av-equal-height-column av-align-top av-zero-column-padding first  avia-builder-el-13  el_after_av_hr  el_before_av_one_fourth  \" style='border-radius:2px; '><p><div  style='padding-bottom:10px; color:#85cf30;' class='av-special-heading av-special-heading-h3 custom-color-heading blockquote modern-quote  avia-builder-el-14  el_before_av_textblock  avia-builder-el-first  '><h3 class='av-special-heading-tag '  itemprop=\"headline\"  >01. <span style=\"color: #000000;\">TEMPI DI CONSEGNA<\/span><\/h3><div class='special-heading-border'><div class='special-heading-inner-border' style='border-color:#85cf30'><\/div><\/div><\/div><br \/>\n<section class=\"av_textblock_section \"  itemscope=\"itemscope\" itemtype=\"https:\/\/schema.org\/CreativeWork\" ><div class='avia_textblock  av_inherit_color '  style='color:#000000; '  itemprop=\"text\" ><p>La consegna degli invii di Posta1 avviene:<\/p>\n<ul class=\"list-check\">\n<li>in <strong>un giorno lavorativo<sup>1\u00a0<\/sup><\/strong>(sabato e festivi esclusi)\u00a0successivo a quello di accettazione per almeno l\u201980% degli invii<\/li>\n<li>in <strong>quattro giorni lavorativi\u00a0<\/strong>(sabato e festivi esclusi) successivi a quello di accettazione per almeno il 98% \u00a0degli invii<\/li>\n<\/ul>\n<p>In caso di spedizioni online, ai tempi di recapito indicati si sommano i seguenti tempi di lavorazione: stampa in un giorno lavorativo (T+1), se la spedizione \u00e8 accettata entro le ore 14:00 dal luned\u00ec al venerd\u00ec, escluso i festivi.<\/p>\n<\/div><\/section><br \/>\n<div  class='avia-image-container  av-styling-    avia-builder-el-16  el_after_av_textblock  avia-builder-el-last  avia-align- '  itemprop=\"image\" itemscope=\"itemscope\" itemtype=\"https:\/\/schema.org\/ImageObject\"  ><div class='avia-image-container-inner'><div class='avia-image-overlay-wrap'><img decoding=\"async\" class='wp-image-0 avia-img-lazy-loading-not-0 avia_image' src=\"http:\/\/gpcourier.h501lab.com\/wp-content\/uploads\/2015\/03\/airplane-300x169.jpg\" alt='' title=''   itemprop=\"thumbnailUrl\"  \/><\/div><\/div><\/div><\/p><\/div><div class='av-flex-placeholder'><\/div><div class=\"flex_column av_one_fourth  flex_column_table_cell av-equal-height-column av-align-top av-zero-column-padding   avia-builder-el-17  el_after_av_one_fourth  el_before_av_one_fourth  \" style='border-radius:0px; '><p><div  style='padding-bottom:10px; color:#85cf30;' class='av-special-heading av-special-heading-h3 custom-color-heading blockquote modern-quote  avia-builder-el-18  el_before_av_textblock  avia-builder-el-first  '><h3 class='av-special-heading-tag '  itemprop=\"headline\"  >02. <span style=\"color: #000000;\">OGGETTI NON AMMESSI<\/span><\/h3><div class='special-heading-border'><div class='special-heading-inner-border' style='border-color:#85cf30'><\/div><\/div><\/div><br \/>\n<section class=\"av_textblock_section \"  itemscope=\"itemscope\" itemtype=\"https:\/\/schema.org\/CreativeWork\" ><div class='avia_textblock  av_inherit_color '  style='color:#000000; '  itemprop=\"text\" ><p>Non \u00e8 consentito spedire denaro, oggetti preziosi, carte di valore esigibili al portatore. Non sono, in ogni caso, ammessi invii di corrispondenza la cui spedizione risulti <strong>in contrasto con le disposizioni in vigore<\/strong> e quelli contenenti oggetti\/materiali esplosivi, infiammabili o comunque tali da poter recare danno alle persone o alle cose, ivi compresi quelli che includono al loro interno batterie al litio (sfuse, imballate o contenute in dispositivi\/altri supporti).<\/p>\n<\/div><\/section><br \/>\n<div  class='avia-image-container  av-styling-    avia-builder-el-20  el_after_av_textblock  avia-builder-el-last  avia-align- '  itemprop=\"image\" itemscope=\"itemscope\" itemtype=\"https:\/\/schema.org\/ImageObject\"  ><div class='avia-image-container-inner'><div class='avia-image-overlay-wrap'><img decoding=\"async\" class='wp-image-0 avia-img-lazy-loading-not-0 avia_image' src=\"http:\/\/gpcourier.h501lab.com\/wp-content\/uploads\/2015\/03\/ominogrey-300x169.jpg\" alt='' title=''   itemprop=\"thumbnailUrl\"  \/><\/div><\/div><\/div><\/p><\/div><div class='av-flex-placeholder'><\/div><div class=\"flex_column av_one_fourth  flex_column_table_cell av-equal-height-column av-align-top av-zero-column-padding   avia-builder-el-21  el_after_av_one_fourth  el_before_av_one_fourth  \" style='border-radius:0px; '><p><div  style='padding-bottom:10px; color:#85cf30;' class='av-special-heading av-special-heading-h3 custom-color-heading blockquote modern-quote  avia-builder-el-22  el_before_av_textblock  avia-builder-el-first  '><h3 class='av-special-heading-tag '  itemprop=\"headline\"  >03. <span style=\"color: #000000;\">FRANCOBOLLI ED ETICHETTA<\/span><\/h3><div class='special-heading-border'><div class='special-heading-inner-border' style='border-color:#85cf30'><\/div><\/div><\/div><br \/>\n<section class=\"av_textblock_section \"  itemscope=\"itemscope\" itemtype=\"https:\/\/schema.org\/CreativeWork\" ><div class='avia_textblock  av_inherit_color '  style='color:#000000; '  itemprop=\"text\" ><p>Per usufruire del servizio occorre affrancare gli invii ed apporvi l\u2019<strong>apposita etichetta con codice dedicato<\/strong>.<\/p>\n<p>I francobolli possono essere acquistati negli uffici postali o nelle tabaccherie. Dal 1\u00b0 ottobre 2015 sono stati introdotti nuovi francobolli recanti, al posto del valore espresso in euro riportato sul fronte, <strong>lettere alfabetiche <\/strong>a cui sono associate <strong>specifiche tariffe di affrancatura<\/strong>. Il francobollo contraddistinto dalla lettera A ha un valore pari a 2,80 euro, corrispondente alla tariffa del primo scaglione di peso della Posta1 (formato piccolo\/medio).<\/p>\n<\/div><\/section><br \/>\n<div  class='avia-image-container  av-styling-    avia-builder-el-24  el_after_av_textblock  avia-builder-el-last  avia-align- '  itemprop=\"image\" itemscope=\"itemscope\" itemtype=\"https:\/\/schema.org\/ImageObject\"  ><div class='avia-image-container-inner'><div class='avia-image-overlay-wrap'><img decoding=\"async\" class='wp-image-0 avia-img-lazy-loading-not-0 avia_image' src=\"http:\/\/gpcourier.h501lab.com\/wp-content\/uploads\/2015\/03\/van-300x169.jpg\" alt='' title=''   itemprop=\"thumbnailUrl\"  \/><\/div><\/div><\/div><\/p><\/div><div class='av-flex-placeholder'><\/div><div class=\"flex_column av_one_fourth  flex_column_table_cell av-equal-height-column av-align-top av-zero-column-padding   avia-builder-el-25  el_after_av_one_fourth  avia-builder-el-last  \" style='border-radius:0px; '><p><div  style='padding-bottom:10px; color:#85cf30;' class='av-special-heading av-special-heading-h3 custom-color-heading blockquote modern-quote  avia-builder-el-26  el_before_av_textblock  avia-builder-el-first  '><h3 class='av-special-heading-tag '  itemprop=\"headline\"  >04. <span style=\"color: #000000;\">ESITO DELLA CONSEGNA<\/span><\/h3><div class='special-heading-border'><div class='special-heading-inner-border' style='border-color:#85cf30'><\/div><\/div><\/div><br \/>\n<section class=\"av_textblock_section \"  itemscope=\"itemscope\" itemtype=\"https:\/\/schema.org\/CreativeWork\" ><div class='avia_textblock  av_inherit_color '  style='color:#000000; '  itemprop=\"text\" ><p>Con il servizio Posta1 puoi conoscere l\u2019<strong>esito della consegna del tuo invio<\/strong>: conservando il <strong>numero del codice<\/strong> <strong>dell\u2019invio<\/strong>,<\/p>\n<\/div><\/section><br \/>\n<div  class='avia-image-container  av-styling-    avia-builder-el-28  el_after_av_textblock  avia-builder-el-last  avia-align- '  itemprop=\"image\" itemscope=\"itemscope\" itemtype=\"https:\/\/schema.org\/ImageObject\"  ><div class='avia-image-container-inner'><div class='avia-image-overlay-wrap'><img decoding=\"async\" class='wp-image-0 avia-img-lazy-loading-not-0 avia_image' src=\"http:\/\/gpcourier.h501lab.com\/wp-content\/uploads\/2015\/03\/magazzinogp-300x169.jpg\" alt='' title=''   itemprop=\"thumbnailUrl\"  \/><\/div><\/div><\/div><\/p><\/div><\/div><!--close column table wrapper. Autoclose: 1 -->\n<\/p>\n","protected":false},"excerpt":{"rendered":"","protected":false},"author":1,"featured_media":0,"parent":0,"menu_order":0,"comment_status":"closed","ping_status":"closed","template":"","meta":{"footnotes":""},"class_list":["post-61139","page","type-page","status-publish","hentry"],"_links":{"self":[{"href":"https:\/\/cslogisticasrl.com\/index.php?rest_route=\/wp\/v2\/pages\/61139","targetHints":{"allow":["GET"]}}],"collection":[{"href":"https:\/\/cslogisticasrl.com\/index.php?rest_route=\/wp\/v2\/pages"}],"about":[{"href":"https:\/\/cslogisticasrl.com\/index.php?rest_route=\/wp\/v2\/types\/page"}],"author":[{"embeddable":true,"href":"https:\/\/cslogisticasrl.com\/index.php?rest_route=\/wp\/v2\/users\/1"}],"replies":[{"embeddable":true,"href":"https:\/\/cslogisticasrl.com\/index.php?rest_route=%2Fwp%2Fv2%2Fcomments&post=61139"}],"version-history":[{"count":8,"href":"https:\/\/cslogisticasrl.com\/index.php?rest_route=\/wp\/v2\/pages\/61139\/revisions"}],"predecessor-version":[{"id":61251,"href":"https:\/\/cslogisticasrl.com\/index.php?rest_route=\/wp\/v2\/pages\/61139\/revisions\/61251"}],"wp:attachment":[{"href":"https:\/\/cslogisticasrl.com\/index.php?rest_route=%2Fwp%2Fv2%2Fmedia&parent=61139"}],"curies":[{"name":"wp","href":"https:\/\/api.w.org\/{rel}","templated":true}]}}