{"id":60618,"date":"2018-01-03T17:17:35","date_gmt":"2018-01-03T16:17:35","guid":{"rendered":"http:\/\/gpcourier.h501lab.com\/?page_id=60618"},"modified":"2018-04-05T14:17:21","modified_gmt":"2018-04-05T12:17:21","slug":"extralarge","status":"publish","type":"page","link":"https:\/\/cslogisticasrl.com\/?page_id=60618","title":{"rendered":"EXTRALARGE"},"content":{"rendered":"<div id='av_section_1'  class='avia-section main_color avia-section-no-padding avia-no-shadow  avia-bg-style-fixed  avia-builder-el-0  el_before_av_section  avia-builder-el-first   container_wrap fullsize' style='background-color: #5c6670;  '  ><div class='container' ><main  role=\"main\" itemprop=\"mainContentOfPage\"  class='template-page content  av-content-full alpha units'><div class='post-entry post-entry-type-page post-entry-60618'><div class='entry-content-wrapper clearfix'>\n<div class='flex_column_table av-equal-height-column-flextable -flextable' ><div class=\"flex_column av_one_full  flex_column_table_cell av-equal-height-column av-align-middle first  avia-builder-el-1  avia-builder-el-no-sibling  \" style='padding:10px; border-radius:0px; '><div  style='padding-bottom:1px; ' class='av-special-heading av-special-heading-h1  blockquote modern-quote modern-centered  avia-builder-el-2  avia-builder-el-no-sibling  '><h1 class='av-special-heading-tag '  itemprop=\"headline\"  >EXTRALARGE<\/h1><div class='special-heading-border'><div class='special-heading-inner-border' ><\/div><\/div><\/div><\/div><\/div><!--close column table wrapper. Autoclose: 1 -->\n\n<\/div><\/div><\/main><!-- close content main element --><\/div><\/div><div id='av_section_2'  class='avia-section main_color avia-section-default avia-no-shadow  avia-bg-style-scroll  avia-builder-el-3  el_after_av_section  el_before_av_layout_row   container_wrap fullsize' style=' '  ><div class='container' ><div class='template-page content  av-content-full alpha units'><div class='post-entry post-entry-type-page post-entry-60618'><div class='entry-content-wrapper clearfix'>\n<div class='flex_column_table av-equal-height-column-flextable -flextable' ><div class=\"flex_column av_one_half  no_margin flex_column_table_cell av-equal-height-column av-align-middle first  avia-builder-el-4  el_before_av_one_half  avia-builder-el-first  \" style='padding:10px; border-radius:0px; '><p><div  style='padding-bottom:10px; ' class='av-special-heading av-special-heading-h2  blockquote modern-quote  avia-builder-el-5  el_before_av_image  avia-builder-el-first  '><h2 class='av-special-heading-tag '  itemprop=\"headline\"  >Diamo pi\u00f9 peso alle tue spedizioni<\/h2><div class='special-heading-border'><div class='special-heading-inner-border' ><\/div><\/div><\/div><br \/>\n<div  class='avia-image-container  av-styling-no-styling    avia-builder-el-6  el_after_av_heading  avia-builder-el-last  avia-align-center '  itemprop=\"image\" itemscope=\"itemscope\" itemtype=\"https:\/\/schema.org\/ImageObject\"  ><div class='avia-image-container-inner'><div class='avia-image-overlay-wrap'><img decoding=\"async\" class='wp-image-61264 avia-img-lazy-loading-not-61264 avia_image' src=\"https:\/\/cslogisticasrl.com\/wp-content\/uploads\/2018\/04\/spedizioni_extralarge.jpg\" alt='' title='spedizioni_extralarge' height=\"300\" width=\"300\"  itemprop=\"thumbnailUrl\" srcset=\"https:\/\/cslogisticasrl.com\/wp-content\/uploads\/2018\/04\/spedizioni_extralarge.jpg 300w, https:\/\/cslogisticasrl.com\/wp-content\/uploads\/2018\/04\/spedizioni_extralarge-80x80.jpg 80w, https:\/\/cslogisticasrl.com\/wp-content\/uploads\/2018\/04\/spedizioni_extralarge-36x36.jpg 36w, https:\/\/cslogisticasrl.com\/wp-content\/uploads\/2018\/04\/spedizioni_extralarge-180x180.jpg 180w, https:\/\/cslogisticasrl.com\/wp-content\/uploads\/2018\/04\/spedizioni_extralarge-120x120.jpg 120w\" sizes=\"(max-width: 300px) 100vw, 300px\" \/><\/div><\/div><\/div><\/p><\/div><div class=\"flex_column av_one_half  no_margin flex_column_table_cell av-equal-height-column av-align-middle   avia-builder-el-7  el_after_av_one_half  el_before_av_hr  \" style='padding:10px; border-radius:0px; '><section class=\"av_textblock_section \"  itemscope=\"itemscope\" itemtype=\"https:\/\/schema.org\/CreativeWork\" ><div class='avia_textblock  '   itemprop=\"text\" ><section class=\"av_textblock_section \">\n<div class=\"avia_textblock \">\n<p>Extralarge \u00e8 un prodotto versatile e competitivo. Non conosce limiti di peso n\u00e9 di dimensioni e ci\u00f2 la rende la soluzione adatta per le spedizioni pesanti e voluminose.<br \/>\nIl prezzo del servizio si articola su pi\u00f9 fasce di peso, in base al peso\/volume effettivamente spedito. Nel caso di colli voluminosi, il costo della spedizione viene calcolato, oltre che sulla base del peso reale, anche considerando il peso volumetrico per mezzo di un fattore di conversione che traduce un determinato volume in chilogrammi tassabili.<br \/>\nLa consegna viene effettuata indicativamente in 1\/2 giorni lavorativi nella maggior parte delle localit\u00e0 italiane.<\/p>\n<ul>\n<li>Nessun limite di peso e di dimensioni*<\/li>\n<li>Copertura capillare su tutto il territorio nazionale<\/li>\n<li>Tracking per verificare lo stato delle spedizioni e i dettagli di consegna<\/li>\n<li>Servizi accessori: avviso avvenuta consegna tramite sms oppure e-mail, assicurazione, contrassegno e porto assegnato<\/li>\n<\/ul>\n<p>* Si applica il supplemento fuori dimensione se si supera il peso max:<br \/>\nSingolo collo 70kg. Dim. Max 450cm<br \/>\nPallet 500kg. Dim. 120x100x170 di Altezza.<em><br \/>\n<\/em><\/p>\n<\/div>\n<\/section>\n<\/div><\/section><\/div><\/div><!--close column table wrapper. Autoclose: 1 --><div  style=' margin-top:10px; margin-bottom:30px;'  class='hr hr-custom hr-center hr-icon-no   avia-builder-el-9  el_after_av_one_half  avia-builder-el-last '><span class='hr-inner  inner-border-av-border-thin' style=' width:25%;' ><span class='hr-inner-style'><\/span><\/span><\/div>\n<\/div><\/div><\/div><!-- close content main div --><\/div><\/div><div id='av-layout-grid-1'  class='av-layout-grid-container entry-content-wrapper alternate_color av-flex-cells     avia-builder-el-10  el_after_av_section  avia-builder-el-last  submenu-not-first container_wrap fullsize' style=' '  >\n<div class=\"flex_cell no_margin av_one_half  avia-builder-el-11  el_before_av_cell_one_half  avia-builder-el-first   \"  style='height:100px; min-height:100px;vertical-align:top; padding:30px; background-color:#5c6670; ' ><div class='flex_cell_inner' ><p><div class=\"flex_column av_one_full  flex_column_div av-zero-column-padding first  avia-builder-el-12  el_before_av_hr  avia-builder-el-first  \" style='border-radius:0px; '><div  style='padding-bottom:10px; ' class='av-special-heading av-special-heading-h3  blockquote modern-quote modern-centered  avia-builder-el-13  avia-builder-el-no-sibling  '><h3 class='av-special-heading-tag '  itemprop=\"headline\"  >Servizi compresi<\/h3><div class='special-heading-border'><div class='special-heading-inner-border' ><\/div><\/div><\/div><\/div><div  style=' margin-top:0px; margin-bottom:0px;'  class='hr hr-custom hr-center hr-icon-no   avia-builder-el-14  el_after_av_one_full  el_before_av_one_half '><span class='hr-inner  inner-border-av-border-thin' style=' width:100%; border-color:#85cf30;' ><span class='hr-inner-style'><\/span><\/span><\/div><br \/>\n<div class=\"flex_column av_one_half  flex_column_div av-zero-column-padding first  avia-builder-el-15  el_after_av_hr  el_before_av_one_half  \" style='border-radius:0px; '><article  class=\"iconbox iconbox_left_content    avia-builder-el-16  avia-builder-el-no-sibling  av-icon-style-no-border\"  itemscope=\"itemscope\" itemtype=\"https:\/\/schema.org\/CreativeWork\" ><div class=\"iconbox_icon heading-color\" aria-hidden='true' data-av_icon='\uf163' data-av_iconfont='flaticon'  ><\/div><div class=\"iconbox_content\"><header class=\"entry-content-header\"><h3 class='iconbox_content_title  '  itemprop=\"headline\"  >tracciatura elettronica<\/h3><\/header><div class='iconbox_content_container av_inherit_color '  itemprop=\"text\"   style='color:#ffffff; '><p>Il tracking on line (Ricerca Spedizioni) ti mostra dove si trova la tua spedizione e qual \u00e8 il suo stato operativo.<\/p>\n<\/div><\/div><footer class=\"entry-footer\"><\/footer><\/article><\/div><div class=\"flex_column av_one_half  flex_column_div av-zero-column-padding   avia-builder-el-17  el_after_av_one_half  avia-builder-el-last  \" style='border-radius:0px; '><article  class=\"iconbox iconbox_left_content    avia-builder-el-18  avia-builder-el-no-sibling  av-icon-style-no-border\"  itemscope=\"itemscope\" itemtype=\"https:\/\/schema.org\/CreativeWork\" ><div class=\"iconbox_icon heading-color\" aria-hidden='true' data-av_icon='\uf117' data-av_iconfont='flaticon'  ><\/div><div class=\"iconbox_content\"><header class=\"entry-content-header\"><h3 class='iconbox_content_title  '  itemprop=\"headline\"  >Nessun limite di peso<\/h3><\/header><div class='iconbox_content_container av_inherit_color '  itemprop=\"text\"   style='color:#ffffff; '><p>Nessun limite di peso e di dimensioni.<br \/>\nSi applica il supplemento fuori dimensione se si supera il peso max:<br \/>\nSingolo collo 70kg. Dim. Max 450cm<br \/>\nPallet 500kg. Dim. 120x100x170 di Altezza.<\/p>\n<\/div><\/div><footer class=\"entry-footer\"><\/footer><\/article><\/div><\/p>\n<\/div><\/div><div class=\"flex_cell no_margin av_one_half  avia-builder-el-19  el_after_av_cell_one_half  avia-builder-el-last   \"  style='height:100px; min-height:100px;vertical-align:top; padding:30px; background-color:#f0f0f0; ' ><div class='flex_cell_inner' ><p><div class=\"flex_column av_one_full  flex_column_div av-zero-column-padding first  avia-builder-el-20  el_before_av_hr  avia-builder-el-first  \" style='border-radius:0px; '><div  style='padding-bottom:10px; color:#5c6670;' class='av-special-heading av-special-heading-h3 custom-color-heading blockquote modern-quote modern-centered  avia-builder-el-21  avia-builder-el-no-sibling  '><h3 class='av-special-heading-tag '  itemprop=\"headline\"  >Servizi accessori<\/h3><div class='special-heading-border'><div class='special-heading-inner-border' style='border-color:#5c6670'><\/div><\/div><\/div><\/div><div  style=' margin-top:0px; margin-bottom:0px;'  class='hr hr-custom hr-center hr-icon-no   avia-builder-el-22  el_after_av_one_full  el_before_av_one_half '><span class='hr-inner  inner-border-av-border-thin' style=' width:100%; border-color:#888888;' ><span class='hr-inner-style'><\/span><\/span><\/div><br \/>\n<div class=\"flex_column av_one_half  flex_column_div av-zero-column-padding first  avia-builder-el-23  el_after_av_hr  el_before_av_one_half  \" style='border-radius:0px; '><article  class=\"iconbox iconbox_left_content    avia-builder-el-24  avia-builder-el-no-sibling  av-icon-style-no-border\"  itemscope=\"itemscope\" itemtype=\"https:\/\/schema.org\/CreativeWork\" ><div class=\"iconbox_icon heading-color\" aria-hidden='true' data-av_icon='\uf164' data-av_iconfont='flaticon'  style='color:#5c6670; ' ><\/div><div class=\"iconbox_content\"><header class=\"entry-content-header\"><h3 class='iconbox_content_title  '  itemprop=\"headline\"   style='color:#5c6670; '>assicurazione<\/h3><\/header><div class='iconbox_content_container av_inherit_color '  itemprop=\"text\"   style='color:#5c6670; '><p>Su richiesta, possiamo assicurare le spedizioni in Italia per fasce di massimali o con una percentuale sul valore dichiarato.<\/p>\n<\/div><\/div><footer class=\"entry-footer\"><\/footer><\/article><\/div><div class=\"flex_column av_one_half  flex_column_div av-zero-column-padding   avia-builder-el-25  el_after_av_one_half  avia-builder-el-last  \" style='border-radius:0px; '><article  class=\"iconbox iconbox_left_content    avia-builder-el-26  avia-builder-el-no-sibling  av-icon-style-no-border\"  itemscope=\"itemscope\" itemtype=\"https:\/\/schema.org\/CreativeWork\" ><div class=\"iconbox_icon heading-color\" aria-hidden='true' data-av_icon='\uf100' data-av_iconfont='flaticon'  style='color:#5c6670; ' ><\/div><div class=\"iconbox_content\"><header class=\"entry-content-header\"><h3 class='iconbox_content_title  '  itemprop=\"headline\"   style='color:#5c6670; '>Avviso tramite sms<\/h3><\/header><div class='iconbox_content_container av_inherit_color '  itemprop=\"text\"   style='color:#5c6670; '><p>SMART ALERT: prevede l\u2019invio di un messaggio, via sms (a pagamento) e\/o e-mail (gratuito), nel quale si avvisa il destinatario e\/o il mittente dello status della spedizione<\/p>\n<\/div><\/div><footer class=\"entry-footer\"><\/footer><\/article><\/div><\/p>\n<\/div><\/div>\n<\/div><\/p>\n","protected":false},"excerpt":{"rendered":"","protected":false},"author":2,"featured_media":0,"parent":0,"menu_order":0,"comment_status":"closed","ping_status":"closed","template":"","meta":{"footnotes":""},"class_list":["post-60618","page","type-page","status-publish","hentry"],"_links":{"self":[{"href":"https:\/\/cslogisticasrl.com\/index.php?rest_route=\/wp\/v2\/pages\/60618","targetHints":{"allow":["GET"]}}],"collection":[{"href":"https:\/\/cslogisticasrl.com\/index.php?rest_route=\/wp\/v2\/pages"}],"about":[{"href":"https:\/\/cslogisticasrl.com\/index.php?rest_route=\/wp\/v2\/types\/page"}],"author":[{"embeddable":true,"href":"https:\/\/cslogisticasrl.com\/index.php?rest_route=\/wp\/v2\/users\/2"}],"replies":[{"embeddable":true,"href":"https:\/\/cslogisticasrl.com\/index.php?rest_route=%2Fwp%2Fv2%2Fcomments&post=60618"}],"version-history":[{"count":6,"href":"https:\/\/cslogisticasrl.com\/index.php?rest_route=\/wp\/v2\/pages\/60618\/revisions"}],"predecessor-version":[{"id":61410,"href":"https:\/\/cslogisticasrl.com\/index.php?rest_route=\/wp\/v2\/pages\/60618\/revisions\/61410"}],"wp:attachment":[{"href":"https:\/\/cslogisticasrl.com\/index.php?rest_route=%2Fwp%2Fv2%2Fmedia&parent=60618"}],"curies":[{"name":"wp","href":"https:\/\/api.w.org\/{rel}","templated":true}]}}